{"id":2,"date":"2025-03-04T17:33:31","date_gmt":"2025-03-04T16:33:31","guid":{"rendered":"http:\/\/aoxoudq.cluster100.hosting.ovh.net\/?page_id=2"},"modified":"2025-03-07T09:48:12","modified_gmt":"2025-03-07T08:48:12","slug":"page-d-exemple","status":"publish","type":"page","link":"https:\/\/api-alarmes.com\/","title":{"rendered":"Accueil"},"content":{"rendered":"\t\t<div data-elementor-type=\"wp-page\" data-elementor-id=\"2\" class=\"elementor elementor-2\">\n\t\t\t\t<div class=\"elementor-element elementor-element-72ccdfc e-flex e-con-boxed e-con e-parent\" data-id=\"72ccdfc\" data-element_type=\"container\" data-settings=\"{&quot;background_background&quot;:&quot;classic&quot;}\">\n\t\t\t\t\t<div class=\"e-con-inner\">\n\t\t\t\t<div class=\"elementor-element elementor-element-ee5f21c elementor-widget elementor-widget-image\" data-id=\"ee5f21c\" data-element_type=\"widget\" data-widget_type=\"image.default\">\n\t\t\t\t<div class=\"elementor-widget-container\">\n\t\t\t\t\t\t\t\t\t\t\t\t\t\t\t<img alt=\"\" decoding=\"async\" width=\"392\" height=\"96\" src=\"https:\/\/api-alarmes.com\/wp-content\/uploads\/2025\/03\/Collaboration.png\" class=\"attachment-large size-large wp-image-29\" alt=\"\" srcset=\"https:\/\/api-alarmes.com\/wp-content\/uploads\/2025\/03\/Collaboration.png 392w, https:\/\/api-alarmes.com\/wp-content\/uploads\/2025\/03\/Collaboration-300x73.png 300w\" sizes=\"(max-width: 392px) 100vw, 392px\" \/>\t\t\t\t\t\t\t\t\t\t\t\t\t\t\t<\/div>\n\t\t\t\t<\/div>\n\t\t\t\t\t<\/div>\n\t\t\t\t<\/div>\n\t\t<div class=\"elementor-element elementor-element-1e92448 e-con-full e-flex e-con e-parent\" data-id=\"1e92448\" data-element_type=\"container\">\n\t\t<div class=\"elementor-element elementor-element-7d473a8 e-con-full e-flex e-con e-child\" data-id=\"7d473a8\" data-element_type=\"container\">\n\t\t<div class=\"elementor-element elementor-element-92185ef e-con-full e-flex e-con e-child\" data-id=\"92185ef\" data-element_type=\"container\">\n\t\t\t\t<div class=\"elementor-element elementor-element-03ea851 elementor-widget elementor-widget-text-editor\" data-id=\"03ea851\" data-element_type=\"widget\" data-widget_type=\"text-editor.default\">\n\t\t\t\t<div class=\"elementor-widget-container\">\n\t\t\t\t\t\t\t\t\t<p>API Alarmes rejoint bio-tech<\/p>\t\t\t\t\t\t\t\t<\/div>\n\t\t\t\t<\/div>\n\t\t\t\t<div class=\"elementor-element elementor-element-64bb571 elementor-widget__width-auto elementor-widget elementor-widget-heading\" data-id=\"64bb571\" data-element_type=\"widget\" data-widget_type=\"heading.default\">\n\t\t\t\t<div class=\"elementor-widget-container\">\n\t\t\t\t\t<h1 class=\"elementor-heading-title elementor-size-default\">Nous avons le plaisir d\u2019annoncer l\u2019int\u00e9gration de la soci\u00e9t\u00e9 API Alarmes au sein de <u>Bio-Tech<\/u><\/h1>\t\t\t\t<\/div>\n\t\t\t\t<\/div>\n\t\t\t\t<\/div>\n\t\t\t\t<div class=\"elementor-element elementor-element-eb6be37 elementor-widget__width-inherit elementor-widget-tablet__width-inherit elementor-widget-mobile__width-inherit elementor-widget elementor-widget-text-editor\" data-id=\"eb6be37\" data-element_type=\"widget\" data-widget_type=\"text-editor.default\">\n\t\t\t\t<div class=\"elementor-widget-container\">\n\t\t\t\t\t\t\t\t\t<p>Sp\u00e9cialiste reconnu dans la protection des biens et des personnes, API Alarmes rejoint Bio-Tech pour allier expertise en solutions de s\u00e9curit\u00e9 et innovations technologiques avanc\u00e9es. Cette acquisition marque une nouvelle \u00e9tape dans notre engagement \u00e0 offrir des services toujours plus performants et adapt\u00e9s aux besoins de nos clients.<\/p>\t\t\t\t\t\t\t\t<\/div>\n\t\t\t\t<\/div>\n\t\t\t\t<div class=\"elementor-element elementor-element-3ab018a elementor-mobile-align-center elementor-widget-mobile__width-inherit elementor-widget elementor-widget-button\" data-id=\"3ab018a\" data-element_type=\"widget\" data-widget_type=\"button.default\">\n\t\t\t\t<div class=\"elementor-widget-container\">\n\t\t\t\t\t\t\t\t\t<div class=\"elementor-button-wrapper\">\n\t\t\t\t\t<a class=\"elementor-button elementor-button-link elementor-size-sm\" href=\"https:\/\/biotech-so.fr\" target=\"_blank\">\n\t\t\t\t\t\t<span class=\"elementor-button-content-wrapper\">\n\t\t\t\t\t\t\t\t\t<span class=\"elementor-button-text\">poursuivre vers le site de bio-tech<\/span>\n\t\t\t\t\t<\/span>\n\t\t\t\t\t<\/a>\n\t\t\t\t<\/div>\n\t\t\t\t\t\t\t\t<\/div>\n\t\t\t\t<\/div>\n\t\t\t\t<\/div>\n\t\t<div class=\"elementor-element elementor-element-0672fac e-con-full e-flex e-con e-child\" data-id=\"0672fac\" data-element_type=\"container\" data-settings=\"{&quot;background_background&quot;:&quot;classic&quot;}\">\n\t\t\t\t<\/div>\n\t\t\t\t<\/div>\n\t\t\t\t<\/div>\n\t\t","protected":false},"excerpt":{"rendered":"<p>API Alarmes rejoint bio-tech Nous avons le plaisir d\u2019annoncer l\u2019int\u00e9gration de la soci\u00e9t\u00e9 API Alarmes au sein de Bio-Tech Sp\u00e9cialiste reconnu dans la protection des biens et des personnes, API Alarmes rejoint Bio-Tech pour allier expertise en solutions de s\u00e9curit\u00e9 et innovations technologiques avanc\u00e9es. Cette acquisition marque une nouvelle \u00e9tape dans notre engagement \u00e0 offrir [&hellip;]<\/p>\n","protected":false},"author":1,"featured_media":0,"parent":0,"menu_order":0,"comment_status":"closed","ping_status":"open","template":"","meta":{"_seopress_robots_primary_cat":"","_seopress_titles_title":"API Alarmes - Alarmes Protection Instrusion","_seopress_titles_desc":"Sp\u00e9cialiste reconnu dans la protection des biens et des personnes, API Alarmes rejoint Bio-Tech.","_seopress_robots_index":"","footnotes":""},"class_list":["post-2","page","type-page","status-publish","hentry"],"_links":{"self":[{"href":"https:\/\/api-alarmes.com\/index.php\/wp-json\/wp\/v2\/pages\/2","targetHints":{"allow":["GET"]}}],"collection":[{"href":"https:\/\/api-alarmes.com\/index.php\/wp-json\/wp\/v2\/pages"}],"about":[{"href":"https:\/\/api-alarmes.com\/index.php\/wp-json\/wp\/v2\/types\/page"}],"author":[{"embeddable":true,"href":"https:\/\/api-alarmes.com\/index.php\/wp-json\/wp\/v2\/users\/1"}],"replies":[{"embeddable":true,"href":"https:\/\/api-alarmes.com\/index.php\/wp-json\/wp\/v2\/comments?post=2"}],"version-history":[{"count":38,"href":"https:\/\/api-alarmes.com\/index.php\/wp-json\/wp\/v2\/pages\/2\/revisions"}],"predecessor-version":[{"id":69,"href":"https:\/\/api-alarmes.com\/index.php\/wp-json\/wp\/v2\/pages\/2\/revisions\/69"}],"wp:attachment":[{"href":"https:\/\/api-alarmes.com\/index.php\/wp-json\/wp\/v2\/media?parent=2"}],"curies":[{"name":"wp","href":"https:\/\/api.w.org\/{rel}","templated":true}]}}